{"id":779,"date":"2026-03-21T20:33:11","date_gmt":"2026-03-21T20:33:11","guid":{"rendered":"https:\/\/violet-shark-325298.hostingersite.com\/?page_id=779"},"modified":"2026-04-06T14:05:49","modified_gmt":"2026-04-06T14:05:49","slug":"start-your-claim","status":"publish","type":"page","link":"https:\/\/air-settle.com\/ro\/start-your-claim\/","title":{"rendered":"Solicit\u0103 Compensa\u021bia"},"content":{"rendered":"<div id=\"compensation-form\">\n  <div class='fluentform ff-inherit-theme-style fluentform_wrapper_4'><form data-form_id=\"4\" id=\"fluentform_4\" class=\"frm-fluent-form fluent_form_4 ff-el-form-top ff_form_instance_4_1 ff-form-loading ffs_inherit_theme\" data-form_instance=\"ff_form_instance_4_1\" method=\"POST\" action=\"\" ><fieldset  style=\"border: none!important;margin: 0!important;padding: 0!important;background-color: transparent!important;box-shadow: none!important;outline: none!important; min-inline-size: 100%;\">\n                    <legend class=\"ff_screen_reader_title\" style=\"display: block; margin: 0!important;padding: 0!important;height: 0!important;text-indent: -999999px;width: 0!important;overflow:hidden;\">Claim Form<\/legend><input type='hidden' name='__fluent_form_embded_post_id' value='779' \/><input type=\"hidden\" id=\"_fluentform_4_fluentformnonce\" name=\"_fluentform_4_fluentformnonce\" value=\"13ee605806\" \/><input type=\"hidden\" name=\"_wp_http_referer\" value=\"\/ro\/wp-json\/wp\/v2\/pages\/779\" \/><div class='ff-el-group  ff-custom_html' tabindex='-1' data-name=\"custom_html-4_1\" ><h3>\u2708\ufe0f <span style=\"color: #003366\"><strong>Informa\u021bii despre zbor<\/strong><\/span><\/h3><\/div><input type=\"hidden\" name=\"page_url\" value=\"{http_request.url}\" data-name=\"page_url\" ><div class='ff-el-group'><div class=\"ff-el-input--label ff-el-is-required asterisk-right\"><label for='ff_4_input_text' id='label_ff_4_input_text' aria-label=\"Num\u0103rul Zborului\">Num\u0103rul Zborului<\/label><\/div><div class='ff-el-input--content'><input type=\"text\" name=\"input_text\" class=\"ff-el-form-control\" data-name=\"input_text\" id=\"ff_4_input_text\"  aria-invalid=\"false\" aria-required=\"true\"><\/div><\/div><div class='ff-el-group'><div class=\"ff-el-input--label asterisk-right\"><label for='ff_4_input_text_1' id='label_ff_4_input_text_1' aria-label=\"Compania Aerian\u0103\">Compania Aerian\u0103<\/label><\/div><div class='ff-el-input--content'><input type=\"text\" name=\"input_text_1\" class=\"ff-el-form-control\" data-name=\"input_text_1\" id=\"ff_4_input_text_1\"  aria-invalid=\"false\" aria-required=\"false\"><\/div><\/div><div class='ff-el-group'><div class=\"ff-el-input--label asterisk-right\"><label for='ff_4_' id='label_ff_4_' aria-label=\"Aeroportul de Plecare\">Aeroportul de Plecare<\/label><\/div><div class='ff-el-input--content'><input type=\"text\" class=\"ff-el-form-control\" id=\"ff_4_\"  aria-invalid=\"false\" aria-required=\"false\"><\/div><\/div><div class='ff-el-group'><div class=\"ff-el-input--label asterisk-right\"><label for='ff_4_' id='label_ff_4_' aria-label=\"Aeroportul de Sosire\">Aeroportul de Sosire<\/label><\/div><div class='ff-el-input--content'><input type=\"text\" class=\"ff-el-form-control\" id=\"ff_4_\"  aria-invalid=\"false\" aria-required=\"false\"><\/div><\/div><div class='ff-el-group'><div class=\"ff-el-input--label ff-el-is-required asterisk-right\"><label for='ff_4_datetime' id='label_ff_4_datetime' aria-label=\"Data Zborului\">Data Zborului<\/label><\/div><div class='ff-el-input--content'><input  aria-label='Date of Flight Use arrow keys to navigate dates. Press enter to select a date.'  aria-haspopup='dialog' data-type-datepicker data-format='d\/m\/Y' type=\"text\" name=\"datetime\" id=\"ff_4_datetime\" class=\"ff-el-form-control ff-el-datepicker\" data-name=\"datetime\"  aria-invalid='false' aria-required=\"true\"><\/div><\/div><div class='ff-el-group  ff-custom_html' tabindex='-1' data-name=\"custom_html-4_2\" ><h3>\ud83e\uddcd<span style=\"color: #003366\"><strong>Informa\u021bii despre pasager<\/strong><\/span><\/h3><\/div><div class='ff-el-group'><div class=\"ff-el-input--label ff-el-is-required asterisk-right\"><label for='ff_4_input_text_4' id='label_ff_4_input_text_4' aria-label=\"Prenume\">Prenume<\/label><\/div><div class='ff-el-input--content'><input type=\"text\" name=\"input_text_4\" class=\"ff-el-form-control\" data-name=\"input_text_4\" id=\"ff_4_input_text_4\"  aria-invalid=\"false\" aria-required=\"true\"><\/div><\/div><div class='ff-el-group'><div class=\"ff-el-input--label ff-el-is-required asterisk-right\"><label for='ff_4_input_text_5' id='label_ff_4_input_text_5' aria-label=\"Nume de Familie\">Nume de Familie<\/label><\/div><div class='ff-el-input--content'><input type=\"text\" name=\"input_text_5\" class=\"ff-el-form-control\" data-name=\"input_text_5\" id=\"ff_4_input_text_5\"  aria-invalid=\"false\" aria-required=\"true\"><\/div><\/div><div class='ff-el-group'><div class=\"ff-el-input--label ff-el-is-required asterisk-right\"><label for='ff_4_email' id='label_ff_4_email' aria-label=\"Adresa de e-mail\">Adresa de e-mail<\/label><\/div><div class='ff-el-input--content'><input type=\"email\" name=\"email\" id=\"ff_4_email\" class=\"ff-el-form-control\" data-name=\"email\"  aria-invalid=\"false\" aria-required=\"true\"><\/div><\/div><div class='ff-el-group'><div class=\"ff-el-input--label asterisk-right\"><label for='ff_4_input_text_6' id='label_ff_4_input_text_6' aria-label=\"Num\u0103rul de telefon\">Num\u0103rul de telefon<\/label><\/div><div class='ff-el-input--content'><input type=\"text\" name=\"input_text_6\" class=\"ff-el-form-control\" data-name=\"input_text_6\" id=\"ff_4_input_text_6\"  aria-invalid=\"false\" aria-required=\"false\"><\/div><\/div><div class='ff-el-group  ff-custom_html' tabindex='-1' data-name=\"custom_html-4_3\" ><h3>\ud83d\udcac <span style=\"color: #003366\"><strong>Descrierea Evenimentelor<\/strong><\/span><\/h3><\/div><div class='ff-el-group'><div class=\"ff-el-input--label ff-el-is-required asterisk-right\"><label   aria-label=\"Ce s-a \u00eentamplat cu zborul?\">Ce s-a \u00eentamplat cu zborul?<\/label><\/div><div class='ff-el-input--content'><div class='ff-el-form-check ff-el-form-check-'><label class='ff-el-form-check-label' for='input_radio_1_9916809f9aba50046a7e84c6af6ce9ab'><input  type=\"radio\" name=\"input_radio_1\" data-name=\"input_radio_1\" class=\"ff-el-form-check-input ff-el-form-check-radio\" value=\"Flight Delayed\"  id='input_radio_1_9916809f9aba50046a7e84c6af6ce9ab' aria-label='Zbor \u00centarziat' aria-invalid='false' aria-required=\"true\"> <span>Zbor \u00centarziat<\/span><\/label><\/div><div class='ff-el-form-check ff-el-form-check-'><label class='ff-el-form-check-label' for='input_radio_1_031123c2d877952c404ba09594894936'><input  type=\"radio\" name=\"input_radio_1\" data-name=\"input_radio_1\" class=\"ff-el-form-check-input ff-el-form-check-radio\" value=\"Flight Cancelled\"  id='input_radio_1_031123c2d877952c404ba09594894936' aria-label='Zbor Anulat' aria-invalid='false' aria-required=\"true\"> <span>Zbor Anulat<\/span><\/label><\/div><div class='ff-el-form-check ff-el-form-check-'><label class='ff-el-form-check-label' for='input_radio_1_626cf1ea7108679e62969b8437445d04'><input  type=\"radio\" name=\"input_radio_1\" data-name=\"input_radio_1\" class=\"ff-el-form-check-input ff-el-form-check-radio\" value=\"Denied Boarding\"  id='input_radio_1_626cf1ea7108679e62969b8437445d04' aria-label='\u00cembarcare Refuzat\u0103' aria-invalid='false' aria-required=\"true\"> <span>\u00cembarcare Refuzat\u0103<\/span><\/label><\/div><div class='ff-el-form-check ff-el-form-check-'><label class='ff-el-form-check-label' for='input_radio_1_a118019289d2273d1427475597d2356d'><input  type=\"radio\" name=\"input_radio_1\" data-name=\"input_radio_1\" class=\"ff-el-form-check-input ff-el-form-check-radio\" value=\"Other Reason\"  id='input_radio_1_a118019289d2273d1427475597d2356d' aria-label='Alt Motiv' aria-invalid='false' aria-required=\"true\"> <span>Alt Motiv<\/span><\/label><\/div><\/div><\/div><div class='ff-el-group  ff-custom_html' tabindex='-1' data-name=\"custom_html-4_4\" ><h3>\ud83d\udcdd <span style=\"color: #003366\"><strong>Alte Detalii<\/strong><\/span><\/h3><\/div><div class='ff-el-group'><div class=\"ff-el-input--label asterisk-right\"><label for='ff_4_input_text_9' id='label_ff_4_input_text_9' aria-label=\"Ad\u0103uga\u021bi alte detalii pe care le considera\u021bi necesare (ex: datele altor pasageri)\">Ad\u0103uga\u021bi alte detalii pe care le considera\u021bi necesare (ex: datele altor pasageri)<\/label><\/div><div class='ff-el-input--content'><input type=\"text\" name=\"input_text_9\" class=\"ff-el-form-control\" data-name=\"input_text_9\" id=\"ff_4_input_text_9\"  aria-invalid=\"false\" aria-required=\"false\"><\/div><\/div><div class='ff-el-group    ff-el-input--content'><div class='ff-el-form-check ff-el-tc'><label aria-label='Sunt de acord ca acest site s\u0103 stocheze informa\u021biile pe care le trimit, pentru a putea r\u0103spunde solicit\u0103rii mele.' class='ff-el-form-check-label ff_tc_label' for=\"gdpr-agreement_f7a7dcb712f7d7999f25fbf3e6922e52\"><span class='ff_tc_checkbox'><input type=\"checkbox\" name=\"gdpr-agreement\" class=\"ff-el-form-check-input ff_gdpr_field\" data-name=\"gdpr-agreement\" id=\"gdpr-agreement_f7a7dcb712f7d7999f25fbf3e6922e52\"  value='on' aria-invalid='false' aria-required=\"true\"><\/span> <div class='ff_t_c'>Sunt de acord ca acest site s\u0103 stocheze informa\u021biile pe care le trimit, pentru a putea r\u0103spunde solicit\u0103rii mele.<\/div><\/label><\/div><\/div><div class='ff-el-group    ff-el-input--content'><div class='ff-el-form-check ff-el-tc'><label aria-label='Terms and Conditions: I agree to the Terms and Conditions and Privacy Policy. Contains 2 links. Use tab navigation to review.' class='ff-el-form-check-label ff_tc_label' for=\"terms-n-condition_358b6eaa54015d8514ab93e68fd04dd0\"><span class='ff_tc_checkbox'><input type=\"checkbox\" name=\"terms-n-condition\" class=\"ff-el-form-check-input\" data-name=\"terms-n-condition\" id=\"terms-n-condition_358b6eaa54015d8514ab93e68fd04dd0\"  value='on' aria-invalid='false' aria-required=\"false\"><\/span> <div class='ff_t_c'>I agree to the <a href=\"\/ro\/terms-and-conditions\/\" target=\"_blank\">Termenii \u0219i Condi\u021biile<\/a> , precum \u0219i <a href=\"\/ro\/privacy-policy\/\" target=\"_blank\">Politica de Confiden\u021bialitate<\/a>.<\/div><\/label><\/div><\/div><div class='ff-el-group  ff-custom_html' tabindex='-1' data-name=\"custom_html-4_5\" ><h5><strong><span style=\"color: #003366\">\ud83d\udcc4  Dup\u0103 trimiterea acestui formular, vei fi direc\u021bionat c\u0103tre pagina de \u00eenc\u0103rcare, unde vei putea ata\u0219a documentele de zbor.<\/span><\/strong><\/h5><\/div><input type=\"hidden\" name=\"hidden\" data-name=\"hidden\" ><input type=\"hidden\" name=\"hidden_1\" data-name=\"hidden_1\" ><div class='ff-el-group ff-text-left ff_submit_btn_wrapper'><button type=\"submit\" class=\"ff-btn ff-btn-submit ff-btn-md ff_btn_no_style\"  aria-label=\"Trimite Formularul\">Trimite Formularul<\/button><\/div><\/fieldset><input type=\"hidden\" name=\"trp-form-language\" value=\"ro\"\/><\/form><div id='fluentform_4_errors' class='ff-errors-in-stack ff_form_instance_4_1 ff-form-loading_errors ff_form_instance_4_1_errors'><\/div><\/div>            <script type=\"text\/javascript\">\n                window.fluent_form_ff_form_instance_4_1 = {\"id\":\"4\",\"ajaxUrl\":\"https:\\\/\\\/air-settle.com\\\/wp-admin\\\/admin-ajax.php\",\"settings\":{\"layout\":{\"labelPlacement\":\"top\",\"asteriskPlacement\":\"asterisk-right\",\"helpMessagePlacement\":\"with_label\",\"errorMessagePlacement\":\"inline\",\"cssClassName\":\"\"},\"restrictions\":{\"denyEmptySubmission\":{\"enabled\":false}}},\"form_instance\":\"ff_form_instance_4_1\",\"form_id_selector\":\"fluentform_4\",\"rules\":{\"input_text\":{\"required\":{\"value\":true,\"message\":\"This field is required\",\"global_message\":\"This field is required\",\"global\":true}},\"input_text_1\":{\"required\":{\"value\":false,\"message\":\"This field is required\",\"global_message\":\"This field is required\",\"global\":true}},\"\":{\"required\":{\"value\":false,\"message\":\"This field is required\",\"global_message\":\"This field is required\",\"global\":true}},\"datetime\":{\"required\":{\"value\":true,\"message\":\"This field is required\",\"global_message\":\"This field is required\",\"global\":true}},\"input_text_4\":{\"required\":{\"value\":true,\"message\":\"This field is required\",\"global_message\":\"This field is required\",\"global\":true}},\"input_text_5\":{\"required\":{\"value\":true,\"message\":\"This field is required\",\"global_message\":\"This field is required\",\"global\":true}},\"email\":{\"required\":{\"value\":true,\"message\":\"This field is required\",\"global_message\":\"This field is required\",\"global\":true},\"email\":{\"value\":true,\"message\":\"This field must contain a valid email\",\"global_message\":\"This field must contain a valid email\",\"global\":true}},\"input_text_6\":{\"required\":{\"value\":false,\"message\":\"This field is required\",\"global_message\":\"This field is required\",\"global\":true}},\"input_radio_1\":{\"required\":{\"value\":true,\"message\":\"This field is required\",\"global_message\":\"This field is required\",\"global\":true}},\"input_text_9\":{\"required\":{\"value\":false,\"message\":\"This field is required\",\"global_message\":\"This field is required\",\"global\":true}},\"gdpr-agreement\":{\"required\":{\"value\":true,\"message\":\"This field is required\",\"global_message\":\"This field is required\",\"global\":true}},\"terms-n-condition\":{\"required\":{\"value\":false,\"message\":\"This field is required\",\"global_message\":\"This field is required\",\"global\":true}}},\"debounce_time\":300};\n                            <\/script>\n            \n<\/div>","protected":false},"excerpt":{"rendered":"","protected":false},"author":1,"featured_media":0,"parent":0,"menu_order":0,"comment_status":"closed","ping_status":"closed","template":"","meta":{"_kadence_starter_templates_imported_post":false,"_kad_post_transparent":"","_kad_post_title":"","_kad_post_layout":"","_kad_post_sidebar_id":"","_kad_post_content_style":"","_kad_post_vertical_padding":"","_kad_post_feature":"","_kad_post_feature_position":"","_kad_post_header":false,"_kad_post_footer":false,"_kad_post_classname":"","footnotes":""},"class_list":["post-779","page","type-page","status-publish","hentry"],"aioseo_notices":[],"_hostinger_reach_plugin_has_subscription_block":false,"_hostinger_reach_plugin_is_elementor":false,"_links":{"self":[{"href":"https:\/\/air-settle.com\/ro\/wp-json\/wp\/v2\/pages\/779","targetHints":{"allow":["GET"]}}],"collection":[{"href":"https:\/\/air-settle.com\/ro\/wp-json\/wp\/v2\/pages"}],"about":[{"href":"https:\/\/air-settle.com\/ro\/wp-json\/wp\/v2\/types\/page"}],"author":[{"embeddable":true,"href":"https:\/\/air-settle.com\/ro\/wp-json\/wp\/v2\/users\/1"}],"replies":[{"embeddable":true,"href":"https:\/\/air-settle.com\/ro\/wp-json\/wp\/v2\/comments?post=779"}],"version-history":[{"count":3,"href":"https:\/\/air-settle.com\/ro\/wp-json\/wp\/v2\/pages\/779\/revisions"}],"predecessor-version":[{"id":1297,"href":"https:\/\/air-settle.com\/ro\/wp-json\/wp\/v2\/pages\/779\/revisions\/1297"}],"wp:attachment":[{"href":"https:\/\/air-settle.com\/ro\/wp-json\/wp\/v2\/media?parent=779"}],"curies":[{"name":"wp","href":"https:\/\/api.w.org\/{rel}","templated":true}]}}